{"id":4445,"date":"2023-03-20T08:58:26","date_gmt":"2023-03-20T08:58:26","guid":{"rendered":"https:\/\/learning.ecoheritage.eu\/relatorios-nacionais"},"modified":"2023-03-20T08:58:28","modified_gmt":"2023-03-20T08:58:28","slug":"relatorios-nacionais","status":"publish","type":"page","link":"https:\/\/learning.ecoheritage.eu\/pt-pt\/relatorios-nacionais","title":{"rendered":"Relat\u00f3rios Nacionais"},"content":{"rendered":"\t\t<div data-elementor-type=\"wp-page\" data-elementor-id=\"4445\" class=\"elementor elementor-4445 elementor-2511\" data-elementor-post-type=\"page\">\n\t\t\t\t\t\t<section class=\"elementor-section elementor-top-section elementor-element elementor-element-2638e5e3 backtotop elementor-section-boxed elementor-section-height-default elementor-section-height-default\" data-id=\"2638e5e3\" data-element_type=\"section\" data-settings=\"{&quot;sticky&quot;:&quot;top&quot;,&quot;sticky_effects_offset&quot;:1,&quot;sticky_on&quot;:[&quot;desktop&quot;,&quot;laptop&quot;,&quot;tablet&quot;,&quot;mobile&quot;],&quot;sticky_offset&quot;:0}\">\n\t\t\t\t\t\t<div class=\"elementor-container elementor-column-gap-default\">\n\t\t\t\t\t<div class=\"elementor-column elementor-col-100 elementor-top-column elementor-element elementor-element-4fdd747a\" data-id=\"4fdd747a\" data-element_type=\"column\">\n\t\t\t<div class=\"elementor-widget-wrap elementor-element-populated\">\n\t\t\t\t\t\t<div class=\"elementor-element elementor-element-47989762 elementor-view-stacked elementor-shape-square elementor-fixed elementor-widget__width-auto elementor-widget elementor-widget-icon\" data-id=\"47989762\" data-element_type=\"widget\" data-settings=\"{&quot;_position&quot;:&quot;fixed&quot;}\" data-widget_type=\"icon.default\">\n\t\t\t\t<div class=\"elementor-widget-container\">\n\t\t\t\t\t<div class=\"elementor-icon-wrapper\">\n\t\t\t<a class=\"elementor-icon\" href=\"#top\">\n\t\t\t<i aria-hidden=\"true\" class=\"fas fa-chevron-up\"><\/i>\t\t\t<\/a>\n\t\t<\/div>\n\t\t\t\t<\/div>\n\t\t\t\t<\/div>\n\t\t\t\t\t<\/div>\n\t\t<\/div>\n\t\t\t\t\t<\/div>\n\t\t<\/section>\n\t\t\t\t<section data-dce-background-color=\"#000000\" data-dce-background-overlay-color=\"#000000\" data-dce-background-image-url=\"https:\/\/learning.ecoheritage.eu\/wp-content\/uploads\/2021\/11\/21_08_09_EcoHeritage_Slides-Site-2.jpg\" class=\"elementor-section elementor-top-section elementor-element elementor-element-3b8d56c7 elementor-section-height-min-height elementor-section-boxed elementor-section-height-default elementor-section-items-middle\" data-id=\"3b8d56c7\" data-element_type=\"section\" id=\"top\" data-settings=\"{&quot;background_background&quot;:&quot;classic&quot;}\">\n\t\t\t\t\t\t\t<div class=\"elementor-background-overlay\"><\/div>\n\t\t\t\t\t\t\t<div class=\"elementor-container elementor-column-gap-default\">\n\t\t\t\t\t<div class=\"elementor-column elementor-col-100 elementor-top-column elementor-element elementor-element-64b789c2\" data-id=\"64b789c2\" data-element_type=\"column\">\n\t\t\t<div class=\"elementor-widget-wrap elementor-element-populated\">\n\t\t\t\t\t\t<div class=\"elementor-element elementor-element-5bf68b46 elementor-widget elementor-widget-heading\" data-id=\"5bf68b46\" data-element_type=\"widget\" data-widget_type=\"heading.default\">\n\t\t\t\t<div class=\"elementor-widget-container\">\n\t\t\t<h1 class=\"elementor-heading-title elementor-size-default\">Relat\u00f3rios Nacionais<\/h1>\t\t<\/div>\n\t\t\t\t<\/div>\n\t\t\t\t<section class=\"elementor-section elementor-inner-section elementor-element elementor-element-3168fdfe elementor-section-boxed elementor-section-height-default elementor-section-height-default\" data-id=\"3168fdfe\" data-element_type=\"section\">\n\t\t\t\t\t\t<div class=\"elementor-container elementor-column-gap-default\">\n\t\t\t\t\t<div class=\"elementor-column elementor-col-100 elementor-inner-column elementor-element elementor-element-1b375f88\" data-id=\"1b375f88\" data-element_type=\"column\" data-settings=\"{&quot;background_background&quot;:&quot;classic&quot;}\">\n\t\t\t<div class=\"elementor-widget-wrap elementor-element-populated\">\n\t\t\t\t\t<div class=\"elementor-background-overlay\"><\/div>\n\t\t\t\t\t\t<div class=\"elementor-element elementor-element-734ceeb0 elementor-widget__width-auto elementor-widget elementor-widget-heading\" data-id=\"734ceeb0\" data-element_type=\"widget\" data-widget_type=\"heading.default\">\n\t\t\t\t<div class=\"elementor-widget-container\">\n\t\t\t<p class=\"elementor-heading-title elementor-size-default\"><a href=\"https:\/\/learning.ecoheritage.eu\/home\">In\u00edcio<\/a><\/p>\t\t<\/div>\n\t\t\t\t<\/div>\n\t\t\t\t<div class=\"elementor-element elementor-element-205f0cd2 elementor-widget__width-auto elementor-widget elementor-widget-heading\" data-id=\"205f0cd2\" data-element_type=\"widget\" data-widget_type=\"heading.default\">\n\t\t\t\t<div class=\"elementor-widget-container\">\n\t\t\t<div class=\"elementor-heading-title elementor-size-default\">><\/div>\t\t<\/div>\n\t\t\t\t<\/div>\n\t\t\t\t<div class=\"elementor-element elementor-element-e5ba535 elementor-widget__width-auto elementor-widget elementor-widget-heading\" data-id=\"e5ba535\" data-element_type=\"widget\" data-widget_type=\"heading.default\">\n\t\t\t\t<div class=\"elementor-widget-container\">\n\t\t\t<p class=\"elementor-heading-title elementor-size-default\"><a href=\"https:\/\/learning.ecoheritage.eu\/transnational-report\">Relat\u00f3rio Transnacional<\/a><\/p>\t\t<\/div>\n\t\t\t\t<\/div>\n\t\t\t\t<div class=\"elementor-element elementor-element-220fb85a elementor-widget__width-auto elementor-widget elementor-widget-heading\" data-id=\"220fb85a\" data-element_type=\"widget\" data-widget_type=\"heading.default\">\n\t\t\t\t<div class=\"elementor-widget-container\">\n\t\t\t<div class=\"elementor-heading-title elementor-size-default\">><\/div>\t\t<\/div>\n\t\t\t\t<\/div>\n\t\t\t\t<div class=\"elementor-element elementor-element-2ddf7fc6 elementor-widget__width-auto elementor-widget elementor-widget-heading\" data-id=\"2ddf7fc6\" data-element_type=\"widget\" data-widget_type=\"heading.default\">\n\t\t\t\t<div class=\"elementor-widget-container\">\n\t\t\t<p class=\"elementor-heading-title elementor-size-default\">Relat\u00f3rios Nacionais<\/p>\t\t<\/div>\n\t\t\t\t<\/div>\n\t\t\t\t\t<\/div>\n\t\t<\/div>\n\t\t\t\t\t<\/div>\n\t\t<\/section>\n\t\t\t\t\t<\/div>\n\t\t<\/div>\n\t\t\t\t\t<\/div>\n\t\t<\/section>\n\t\t\t\t<section class=\"elementor-section elementor-top-section elementor-element elementor-element-4cb06653 elementor-section-boxed elementor-section-height-default elementor-section-height-default\" data-id=\"4cb06653\" data-element_type=\"section\" data-settings=\"{&quot;background_background&quot;:&quot;classic&quot;}\">\n\t\t\t\t\t\t<div class=\"elementor-container elementor-column-gap-default\">\n\t\t\t\t\t<div class=\"elementor-column elementor-col-100 elementor-top-column elementor-element elementor-element-73dc5338\" data-id=\"73dc5338\" data-element_type=\"column\">\n\t\t\t<div class=\"elementor-widget-wrap elementor-element-populated\">\n\t\t\t\t\t\t<div class=\"elementor-element elementor-element-1d70f912 elementor-align-right elementor-mobile-align-justify elementor-widget__width-auto elementor-widget elementor-widget-button\" data-id=\"1d70f912\" data-element_type=\"widget\" data-widget_type=\"button.default\">\n\t\t\t\t<div class=\"elementor-widget-container\">\n\t\t\t\t\t<div class=\"elementor-button-wrapper\">\n\t\t\t<a class=\"elementor-button elementor-button-link elementor-size-sm\" href=\"https:\/\/learning.ecoheritage.eu\/pt-pt\/relatorio-transnacional\">\n\t\t\t\t\t\t<span class=\"elementor-button-content-wrapper\">\n\t\t\t\t\t\t<span class=\"elementor-button-icon\">\n\t\t\t\t<i aria-hidden=\"true\" class=\"fas fa-arrow-left\"><\/i>\t\t\t<\/span>\n\t\t\t\t\t\t\t\t\t<span class=\"elementor-button-text\">Voltar para o Relat\u00f3rio Transnacional<\/span>\n\t\t\t\t\t<\/span>\n\t\t\t\t\t<\/a>\n\t\t<\/div>\n\t\t\t\t<\/div>\n\t\t\t\t<\/div>\n\t\t\t\t\t<\/div>\n\t\t<\/div>\n\t\t\t\t\t<\/div>\n\t\t<\/section>\n\t\t\t\t<section class=\"elementor-section elementor-top-section elementor-element elementor-element-2fe24533 elementor-section-boxed elementor-section-height-default elementor-section-height-default\" data-id=\"2fe24533\" data-element_type=\"section\" data-settings=\"{&quot;background_background&quot;:&quot;classic&quot;}\">\n\t\t\t\t\t\t<div class=\"elementor-container elementor-column-gap-default\">\n\t\t\t\t\t<div class=\"elementor-column elementor-col-100 elementor-top-column elementor-element elementor-element-6b7ed59\" data-id=\"6b7ed59\" data-element_type=\"column\">\n\t\t\t<div class=\"elementor-widget-wrap elementor-element-populated\">\n\t\t\t\t\t\t<div class=\"elementor-element elementor-element-9c828a7 elementor-widget elementor-widget-heading\" data-id=\"9c828a7\" data-element_type=\"widget\" data-widget_type=\"heading.default\">\n\t\t\t\t<div class=\"elementor-widget-container\">\n\t\t\t<h2 class=\"elementor-heading-title elementor-size-default\">Relat\u00f3rios Nacionais<\/h2>\t\t<\/div>\n\t\t\t\t<\/div>\n\t\t\t\t\t<\/div>\n\t\t<\/div>\n\t\t\t\t\t<\/div>\n\t\t<\/section>\n\t\t\t\t<section class=\"elementor-section elementor-top-section elementor-element elementor-element-ba051de elementor-section-boxed elementor-section-height-default elementor-section-height-default\" data-id=\"ba051de\" data-element_type=\"section\" data-settings=\"{&quot;background_background&quot;:&quot;classic&quot;}\">\n\t\t\t\t\t\t<div class=\"elementor-container elementor-column-gap-default\">\n\t\t\t\t\t<div class=\"make-column-clickable-elementor elementor-column elementor-col-50 elementor-top-column elementor-element elementor-element-0b0becc\" style=\"cursor: pointer;\" data-column-clickable=\"https:\/\/learning.ecoheritage.eu\/wp-content\/uploads\/2022\/11\/Ecoheritage_WP1_NR_Poland.pdf\" data-column-clickable-blank=\"_blank\" data-id=\"0b0becc\" data-element_type=\"column\" data-settings=\"{&quot;background_background&quot;:&quot;classic&quot;}\">\n\t\t\t<div class=\"elementor-widget-wrap elementor-element-populated\">\n\t\t\t\t\t\t<div class=\"elementor-element elementor-element-0f3bcb7 elementor-absolute dce_masking-none elementor-widget elementor-widget-image\" data-id=\"0f3bcb7\" data-element_type=\"widget\" data-settings=\"{&quot;_position&quot;:&quot;absolute&quot;}\" data-widget_type=\"image.default\">\n\t\t\t\t<div class=\"elementor-widget-container\">\n\t\t\t\t\t\t\t\t\t\t\t\t\t<img fetchpriority=\"high\" decoding=\"async\" width=\"800\" height=\"500\" src=\"https:\/\/learning.ecoheritage.eu\/wp-content\/uploads\/2022\/11\/poland-1024x640.png\" class=\"attachment-large size-large wp-image-2517\" alt=\"\" srcset=\"https:\/\/learning.ecoheritage.eu\/wp-content\/uploads\/2022\/11\/poland-1024x640.png 1024w, https:\/\/learning.ecoheritage.eu\/wp-content\/uploads\/2022\/11\/poland-300x188.png 300w, https:\/\/learning.ecoheritage.eu\/wp-content\/uploads\/2022\/11\/poland-768x480.png 768w, https:\/\/learning.ecoheritage.eu\/wp-content\/uploads\/2022\/11\/poland.png 1200w\" sizes=\"(max-width: 800px) 100vw, 800px\" \/>\t\t\t\t\t\t\t\t\t\t\t\t\t<\/div>\n\t\t\t\t<\/div>\n\t\t\t\t<div class=\"elementor-element elementor-element-96a1ab2 elementor-widget elementor-widget-heading\" data-id=\"96a1ab2\" data-element_type=\"widget\" data-widget_type=\"heading.default\">\n\t\t\t\t<div class=\"elementor-widget-container\">\n\t\t\t<h2 class=\"elementor-heading-title elementor-size-default\">Pol\u00f4nia<\/h2>\t\t<\/div>\n\t\t\t\t<\/div>\n\t\t\t\t\t<\/div>\n\t\t<\/div>\n\t\t\t\t<div class=\"make-column-clickable-elementor elementor-column elementor-col-50 elementor-top-column elementor-element elementor-element-ed33636\" style=\"cursor: pointer;\" data-column-clickable=\"https:\/\/learning.ecoheritage.eu\/wp-content\/uploads\/2022\/11\/Ecoheritage_WP1_NR_Italy.pdf\" data-column-clickable-blank=\"_blank\" data-id=\"ed33636\" data-element_type=\"column\" data-settings=\"{&quot;background_background&quot;:&quot;classic&quot;}\">\n\t\t\t<div class=\"elementor-widget-wrap elementor-element-populated\">\n\t\t\t\t\t\t<div class=\"elementor-element elementor-element-2584422 elementor-absolute dce_masking-none elementor-widget elementor-widget-image\" data-id=\"2584422\" data-element_type=\"widget\" data-settings=\"{&quot;_position&quot;:&quot;absolute&quot;}\" data-widget_type=\"image.default\">\n\t\t\t\t<div class=\"elementor-widget-container\">\n\t\t\t\t\t\t\t\t\t\t\t\t\t<img decoding=\"async\" width=\"255\" height=\"170\" src=\"https:\/\/learning.ecoheritage.eu\/wp-content\/uploads\/2022\/11\/italy.png\" class=\"attachment-large size-large wp-image-2522\" alt=\"\" \/>\t\t\t\t\t\t\t\t\t\t\t\t\t<\/div>\n\t\t\t\t<\/div>\n\t\t\t\t<div class=\"elementor-element elementor-element-aa3402c elementor-widget elementor-widget-heading\" data-id=\"aa3402c\" data-element_type=\"widget\" data-widget_type=\"heading.default\">\n\t\t\t\t<div class=\"elementor-widget-container\">\n\t\t\t<h2 class=\"elementor-heading-title elementor-size-default\">It\u00e1lia<\/h2>\t\t<\/div>\n\t\t\t\t<\/div>\n\t\t\t\t\t<\/div>\n\t\t<\/div>\n\t\t\t\t\t<\/div>\n\t\t<\/section>\n\t\t\t\t<section class=\"elementor-section elementor-top-section elementor-element elementor-element-8c79c3e elementor-section-boxed elementor-section-height-default elementor-section-height-default\" data-id=\"8c79c3e\" data-element_type=\"section\" data-settings=\"{&quot;background_background&quot;:&quot;classic&quot;}\">\n\t\t\t\t\t\t<div class=\"elementor-container elementor-column-gap-default\">\n\t\t\t\t\t<div class=\"make-column-clickable-elementor elementor-column elementor-col-50 elementor-top-column elementor-element elementor-element-42eceee\" style=\"cursor: pointer;\" data-column-clickable=\"https:\/\/learning.ecoheritage.eu\/wp-content\/uploads\/2022\/11\/Ecoheritage_WP1_NR_Portugal.pdf\" data-column-clickable-blank=\"_blank\" data-id=\"42eceee\" data-element_type=\"column\" data-settings=\"{&quot;background_background&quot;:&quot;classic&quot;}\">\n\t\t\t<div class=\"elementor-widget-wrap elementor-element-populated\">\n\t\t\t\t\t\t<div class=\"elementor-element elementor-element-b2a286f elementor-absolute dce_masking-none elementor-widget elementor-widget-image\" data-id=\"b2a286f\" data-element_type=\"widget\" data-settings=\"{&quot;_position&quot;:&quot;absolute&quot;}\" data-widget_type=\"image.default\">\n\t\t\t\t<div class=\"elementor-widget-container\">\n\t\t\t\t\t\t\t\t\t\t\t\t\t<img decoding=\"async\" width=\"800\" height=\"534\" src=\"https:\/\/learning.ecoheritage.eu\/wp-content\/uploads\/2022\/11\/portugal-1024x683.png\" class=\"attachment-large size-large wp-image-2532\" alt=\"\" srcset=\"https:\/\/learning.ecoheritage.eu\/wp-content\/uploads\/2022\/11\/portugal-1024x683.png 1024w, https:\/\/learning.ecoheritage.eu\/wp-content\/uploads\/2022\/11\/portugal-300x200.png 300w, https:\/\/learning.ecoheritage.eu\/wp-content\/uploads\/2022\/11\/portugal-768x512.png 768w, https:\/\/learning.ecoheritage.eu\/wp-content\/uploads\/2022\/11\/portugal-1536x1024.png 1536w, https:\/\/learning.ecoheritage.eu\/wp-content\/uploads\/2022\/11\/portugal-2048x1366.png 2048w\" sizes=\"(max-width: 800px) 100vw, 800px\" \/>\t\t\t\t\t\t\t\t\t\t\t\t\t<\/div>\n\t\t\t\t<\/div>\n\t\t\t\t<div class=\"elementor-element elementor-element-5a346b5 elementor-widget elementor-widget-heading\" data-id=\"5a346b5\" data-element_type=\"widget\" data-widget_type=\"heading.default\">\n\t\t\t\t<div class=\"elementor-widget-container\">\n\t\t\t<h2 class=\"elementor-heading-title elementor-size-default\">Portugal<\/h2>\t\t<\/div>\n\t\t\t\t<\/div>\n\t\t\t\t\t<\/div>\n\t\t<\/div>\n\t\t\t\t<div class=\"make-column-clickable-elementor elementor-column elementor-col-50 elementor-top-column elementor-element elementor-element-06a0501\" style=\"cursor: pointer;\" data-column-clickable=\"https:\/\/learning.ecoheritage.eu\/wp-content\/uploads\/2022\/11\/Ecoheritage_WP1_NR_Spain.pdf\" data-column-clickable-blank=\"_blank\" data-id=\"06a0501\" data-element_type=\"column\" data-settings=\"{&quot;background_background&quot;:&quot;classic&quot;}\">\n\t\t\t<div class=\"elementor-widget-wrap elementor-element-populated\">\n\t\t\t\t\t\t<div class=\"elementor-element elementor-element-1076fec elementor-absolute dce_masking-none elementor-widget elementor-widget-image\" data-id=\"1076fec\" data-element_type=\"widget\" data-settings=\"{&quot;_position&quot;:&quot;absolute&quot;}\" data-widget_type=\"image.default\">\n\t\t\t\t<div class=\"elementor-widget-container\">\n\t\t\t\t\t\t\t\t\t\t\t\t\t<img loading=\"lazy\" decoding=\"async\" width=\"800\" height=\"534\" src=\"https:\/\/learning.ecoheritage.eu\/wp-content\/uploads\/2022\/11\/spain-1024x683.png\" class=\"attachment-large size-large wp-image-2527\" alt=\"\" srcset=\"https:\/\/learning.ecoheritage.eu\/wp-content\/uploads\/2022\/11\/spain-1024x683.png 1024w, https:\/\/learning.ecoheritage.eu\/wp-content\/uploads\/2022\/11\/spain-300x200.png 300w, https:\/\/learning.ecoheritage.eu\/wp-content\/uploads\/2022\/11\/spain-768x512.png 768w, https:\/\/learning.ecoheritage.eu\/wp-content\/uploads\/2022\/11\/spain-1536x1024.png 1536w, https:\/\/learning.ecoheritage.eu\/wp-content\/uploads\/2022\/11\/spain-2048x1366.png 2048w\" sizes=\"(max-width: 800px) 100vw, 800px\" \/>\t\t\t\t\t\t\t\t\t\t\t\t\t<\/div>\n\t\t\t\t<\/div>\n\t\t\t\t<div class=\"elementor-element elementor-element-85c48b2 elementor-widget elementor-widget-heading\" data-id=\"85c48b2\" data-element_type=\"widget\" data-widget_type=\"heading.default\">\n\t\t\t\t<div class=\"elementor-widget-container\">\n\t\t\t<h2 class=\"elementor-heading-title elementor-size-default\">Espanha<\/h2>\t\t<\/div>\n\t\t\t\t<\/div>\n\t\t\t\t\t<\/div>\n\t\t<\/div>\n\t\t\t\t\t<\/div>\n\t\t<\/section>\n\t\t\t\t<\/div>\n\t\t","protected":false},"excerpt":{"rendered":"<p>In\u00edcio > Relat\u00f3rio Transnacional > Voltar para o Relat\u00f3rio Transnacional Relat\u00f3rios Nacionais Pol\u00f4nia It\u00e1lia Portugal Espanha<\/p>\n","protected":false},"author":1,"featured_media":0,"parent":0,"menu_order":0,"comment_status":"closed","ping_status":"closed","template":"","meta":{"_acf_changed":false,"footnotes":""},"class_list":["post-4445","page","type-page","status-publish","hentry"],"acf":[],"_links":{"self":[{"href":"https:\/\/learning.ecoheritage.eu\/pt-pt\/wp-json\/wp\/v2\/pages\/4445"}],"collection":[{"href":"https:\/\/learning.ecoheritage.eu\/pt-pt\/wp-json\/wp\/v2\/pages"}],"about":[{"href":"https:\/\/learning.ecoheritage.eu\/pt-pt\/wp-json\/wp\/v2\/types\/page"}],"author":[{"embeddable":true,"href":"https:\/\/learning.ecoheritage.eu\/pt-pt\/wp-json\/wp\/v2\/users\/1"}],"replies":[{"embeddable":true,"href":"https:\/\/learning.ecoheritage.eu\/pt-pt\/wp-json\/wp\/v2\/comments?post=4445"}],"version-history":[{"count":1,"href":"https:\/\/learning.ecoheritage.eu\/pt-pt\/wp-json\/wp\/v2\/pages\/4445\/revisions"}],"predecessor-version":[{"id":4446,"href":"https:\/\/learning.ecoheritage.eu\/pt-pt\/wp-json\/wp\/v2\/pages\/4445\/revisions\/4446"}],"wp:attachment":[{"href":"https:\/\/learning.ecoheritage.eu\/pt-pt\/wp-json\/wp\/v2\/media?parent=4445"}],"curies":[{"name":"wp","href":"https:\/\/api.w.org\/{rel}","templated":true}]}}